{"id":98,"date":"2014-10-05T15:50:01","date_gmt":"2014-10-05T13:50:01","guid":{"rendered":"https:\/\/www.mactoys.cz\/?page_id=98"},"modified":"2014-10-31T08:14:43","modified_gmt":"2014-10-31T07:14:43","slug":"holding","status":"publish","type":"page","link":"https:\/\/www.mactoys.cz\/?page_id=98","title":{"rendered":"Spolupr\u00e1ce v r\u00e1mci holdingu"},"content":{"rendered":"<p>Dnes je spole\u010dnost MAC TOYS s.r.o. ned\u00edlnou sou\u010d\u00e1st\u00ed holdingu t\u0159\u00ed spole\u010dnost\u00ed zab\u00fdvaj\u00edc\u00edch se prodejem hra\u010dek. Tento holding je na \u00fazem\u00ed \u010cesk\u00e9 republiky skute\u010dnou \u0161pi\u010dkou v oboru. Spolupr\u00e1ce v r\u00e1mci holdingu zaru\u010duje v\u0161em \u010dlensk\u00fdm spole\u010dnostem dlouholetou stabilitu a velmi efektivn\u00ed vyu\u017e\u00edv\u00e1n\u00ed synergick\u00e9ho efektu v mnoha oblastech.<\/p>\n<h2>SPOLE\u010cNOSTI SPOLUPRACUJ\u00cdC\u00cd V R\u00c1MCI HOLDINGU:<\/h2>\n<p><img loading=\"lazy\" decoding=\"async\" class=\"alignleft wp-image-236 size-height360\" src=\"https:\/\/www.mactoys.cz\/wp-content\/uploads\/2014\/10\/holding3-543x360.png\" alt=\"holding\" width=\"543\" height=\"360\" srcset=\"https:\/\/www.mactoys.cz\/wp-content\/uploads\/2014\/10\/holding3-543x360.png 543w, https:\/\/www.mactoys.cz\/wp-content\/uploads\/2014\/10\/holding3-300x198.png 300w, https:\/\/www.mactoys.cz\/wp-content\/uploads\/2014\/10\/holding3-135x90.png 135w, https:\/\/www.mactoys.cz\/wp-content\/uploads\/2014\/10\/holding3-203x135.png 203w, https:\/\/www.mactoys.cz\/wp-content\/uploads\/2014\/10\/holding3-289x192.png 289w, https:\/\/www.mactoys.cz\/wp-content\/uploads\/2014\/10\/holding3-407x270.png 407w, https:\/\/www.mactoys.cz\/wp-content\/uploads\/2014\/10\/holding3.png 687w\" sizes=\"auto, (max-width: 543px) 100vw, 543px\" \/><\/p>\n<h4>MAC TOYS s.r.o.<\/h4>\n<p>Velkoobchodn\u00ed spole\u010dnost zam\u011b\u0159en\u00e1 na dovoz hra\u010dek z cel\u00e9ho sv\u011bta. Hlavn\u00ed d\u016fraz p\u0159i v\u00fdb\u011bru hra\u010dek klade na cenu, kvalitu a nov\u00e9 trendy.<\/p>\n<h4>MPK Toys CZ s.r.o.<\/h4>\n<p>Velkoobchodn\u00ed spole\u010dnost zam\u011b\u0159en\u00e1 na prodej pr\u00e9miov\u00fdch celosv\u011btov\u00fdch zna\u010dek. V r\u00e1mci holdingu zaji\u0161\u0165uje prodej a z\u00e1sobov\u00e1n\u00ed nez\u00e1visl\u00e9ho trhu, \u0159et\u011bzc\u016f a internetov\u00fdch obchod\u016f.<\/p>\n<h4>POMPO spol. s r.o.<\/h4>\n<p>Nejv\u011bt\u0161\u00ed \u0159et\u011bzec maloobchodn\u00edch prodejen v \u010cR zam\u011b\u0159en\u00fd na prodej hra\u010dek. V sou\u010dasn\u00e9 dob\u011b m\u00e1 p\u0159es 90 prodejen v \u010cR a expanduje i na Slovensko.<\/p>\n","protected":false},"excerpt":{"rendered":"<p>Dnes je spole\u010dnost MAC TOYS s.r.o. ned\u00edlnou sou\u010d\u00e1st\u00ed holdingu t\u0159\u00ed spole\u010dnost\u00ed zab\u00fdvaj\u00edc\u00edch se prodejem hra\u010dek. Tento holding je na \u00fazem\u00ed \u010cesk\u00e9 republiky skute\u010dnou \u0161pi\u010dkou v oboru. Spolupr\u00e1ce v r\u00e1mci holdingu zaru\u010duje v\u0161em \u010dlensk\u00fdm spole\u010dnostem dlouholetou stabilitu a velmi efektivn\u00ed vyu\u017e\u00edv\u00e1n\u00ed synergick\u00e9ho efektu v mnoha oblastech. SPOLE\u010cNOSTI SPOLUPRACUJ\u00cdC\u00cd V R\u00c1MCI HOLDINGU: MAC TOYS s.r.o. Velkoobchodn\u00ed spole\u010dnost [&hellip;]<\/p>\n","protected":false},"author":2,"featured_media":0,"parent":0,"menu_order":0,"comment_status":"closed","ping_status":"closed","template":"","meta":{"footnotes":""},"class_list":["post-98","page","type-page","status-publish","hentry"],"_links":{"self":[{"href":"https:\/\/www.mactoys.cz\/index.php?rest_route=\/wp\/v2\/pages\/98","targetHints":{"allow":["GET"]}}],"collection":[{"href":"https:\/\/www.mactoys.cz\/index.php?rest_route=\/wp\/v2\/pages"}],"about":[{"href":"https:\/\/www.mactoys.cz\/index.php?rest_route=\/wp\/v2\/types\/page"}],"author":[{"embeddable":true,"href":"https:\/\/www.mactoys.cz\/index.php?rest_route=\/wp\/v2\/users\/2"}],"replies":[{"embeddable":true,"href":"https:\/\/www.mactoys.cz\/index.php?rest_route=%2Fwp%2Fv2%2Fcomments&post=98"}],"version-history":[{"count":31,"href":"https:\/\/www.mactoys.cz\/index.php?rest_route=\/wp\/v2\/pages\/98\/revisions"}],"predecessor-version":[{"id":243,"href":"https:\/\/www.mactoys.cz\/index.php?rest_route=\/wp\/v2\/pages\/98\/revisions\/243"}],"wp:attachment":[{"href":"https:\/\/www.mactoys.cz\/index.php?rest_route=%2Fwp%2Fv2%2Fmedia&parent=98"}],"curies":[{"name":"wp","href":"https:\/\/api.w.org\/{rel}","templated":true}]}}