{"id":67,"date":"2014-10-05T15:11:57","date_gmt":"2014-10-05T13:11:57","guid":{"rendered":"https:\/\/www.mactoys.cz\/?page_id=67"},"modified":"2014-10-15T14:03:05","modified_gmt":"2014-10-15T12:03:05","slug":"mpk-toys","status":"publish","type":"page","link":"https:\/\/www.mactoys.cz\/?page_id=67","title":{"rendered":"MPK Toys CZ s.r.o."},"content":{"rendered":"<div id=\"attachment_166\" style=\"width: 363px\" class=\"wp-caption alignright\"><a href=\"http:\/\/www.mpktoys.cz\"><img loading=\"lazy\" decoding=\"async\" aria-describedby=\"caption-attachment-166\" class=\"wp-image-166 size-full\" src=\"https:\/\/www.mactoys.cz\/wp-content\/uploads\/2014\/10\/logo_mpk.png\" alt=\"Velkoobchodn\u00ed prodej hra\u010dek - MPK Toys CZ s.r.o.\" width=\"353\" height=\"110\" srcset=\"https:\/\/www.mactoys.cz\/wp-content\/uploads\/2014\/10\/logo_mpk.png 353w, https:\/\/www.mactoys.cz\/wp-content\/uploads\/2014\/10\/logo_mpk-300x93.png 300w, https:\/\/www.mactoys.cz\/wp-content\/uploads\/2014\/10\/logo_mpk-288x90.png 288w\" sizes=\"auto, (max-width: 353px) 100vw, 353px\" \/><\/a><p id=\"caption-attachment-166\" class=\"wp-caption-text\">Velkoobchodn\u00ed prodej hra\u010dek &#8211; www.mpktoys.cz<\/p><\/div>\n<p>Hlavn\u00ed \u010d\u00e1st sortimentu spole\u010dnosti MPK Toys CZ s.r.o. je tvo\u0159ena pr\u00e9miov\u00fdmi zna\u010dkami (LEGO, Mattel, Hasbro a dal\u0161\u00ed). Nab\u00eddku roz\u0161i\u0159uj\u00ed dal\u0161\u00ed tuzemsk\u00e9 i mezin\u00e1rodn\u00ed zna\u010dky, kter\u00e9 MPK Toys CZ s.r.o. na \u010desk\u00e9m a slovensk\u00e9m trhu mnohdy zastupuje exkluzivn\u011b. Portfolio je pravideln\u011b upravov\u00e1no, aby z\u00e1kazn\u00edk holdingu v nab\u00eddce nalezl v\u017edy optim\u00e1ln\u00ed sortiment zbo\u017e\u00ed vhodn\u00fd pro prodej v kamenn\u00fdch prodejn\u00e1ch i v internetov\u00fdch obchodech, a to jak pro nez\u00e1visl\u00fd trh, tak i obecn\u00e9 a specializovan\u00e9 \u0159et\u011bzce.<\/p>\n<p>Pro zjednodu\u0161en\u00ed orientace v \u0161irok\u00e9 nab\u00eddce zbo\u017e\u00ed poskytujeme na\u0161im z\u00e1kazn\u00edk\u016fm mo\u017enost naj\u00edt si v\u0161echny pot\u0159ebn\u00e9 informace v\u010detn\u011b skladov\u00e9 dostupnosti na str\u00e1nk\u00e1ch <a title=\"MPK Toys CZ s.r.o.\" href=\"http:\/\/www.mpktoys.cz\" target=\"_blank\">www.mpktoys.cz<\/a>.<\/p>\n<div id=\"attachment_70\" style=\"width: 260px\" class=\"wp-caption aligncenter\"><img loading=\"lazy\" decoding=\"async\" aria-describedby=\"caption-attachment-70\" class=\"wp-image-70 size-full\" src=\"https:\/\/www.mactoys.cz\/wp-content\/uploads\/2014\/10\/kanaly.png\" alt=\"Distribu\u010dn\u00ed kan\u00e1ly\" width=\"250\" height=\"219\" srcset=\"https:\/\/www.mactoys.cz\/wp-content\/uploads\/2014\/10\/kanaly.png 250w, https:\/\/www.mactoys.cz\/wp-content\/uploads\/2014\/10\/kanaly-102x90.png 102w, https:\/\/www.mactoys.cz\/wp-content\/uploads\/2014\/10\/kanaly-154x135.png 154w, https:\/\/www.mactoys.cz\/wp-content\/uploads\/2014\/10\/kanaly-219x192.png 219w\" sizes=\"auto, (max-width: 250px) 100vw, 250px\" \/><p id=\"caption-attachment-70\" class=\"wp-caption-text\">Pr\u00e9miov\u00e9 zna\u010dky v sortimentu<\/p><\/div>\n","protected":false},"excerpt":{"rendered":"<p>Hlavn\u00ed \u010d\u00e1st sortimentu spole\u010dnosti MPK Toys CZ s.r.o. je tvo\u0159ena pr\u00e9miov\u00fdmi zna\u010dkami (LEGO, Mattel, Hasbro a dal\u0161\u00ed). Nab\u00eddku roz\u0161i\u0159uj\u00ed dal\u0161\u00ed tuzemsk\u00e9 i mezin\u00e1rodn\u00ed zna\u010dky, kter\u00e9 MPK Toys CZ s.r.o. na \u010desk\u00e9m a slovensk\u00e9m trhu mnohdy zastupuje exkluzivn\u011b. Portfolio je pravideln\u011b upravov\u00e1no, aby z\u00e1kazn\u00edk holdingu v nab\u00eddce nalezl v\u017edy optim\u00e1ln\u00ed sortiment zbo\u017e\u00ed vhodn\u00fd pro prodej v [&hellip;]<\/p>\n","protected":false},"author":2,"featured_media":0,"parent":0,"menu_order":0,"comment_status":"closed","ping_status":"closed","template":"","meta":{"footnotes":""},"class_list":["post-67","page","type-page","status-publish","hentry"],"_links":{"self":[{"href":"https:\/\/www.mactoys.cz\/index.php?rest_route=\/wp\/v2\/pages\/67","targetHints":{"allow":["GET"]}}],"collection":[{"href":"https:\/\/www.mactoys.cz\/index.php?rest_route=\/wp\/v2\/pages"}],"about":[{"href":"https:\/\/www.mactoys.cz\/index.php?rest_route=\/wp\/v2\/types\/page"}],"author":[{"embeddable":true,"href":"https:\/\/www.mactoys.cz\/index.php?rest_route=\/wp\/v2\/users\/2"}],"replies":[{"embeddable":true,"href":"https:\/\/www.mactoys.cz\/index.php?rest_route=%2Fwp%2Fv2%2Fcomments&post=67"}],"version-history":[{"count":21,"href":"https:\/\/www.mactoys.cz\/index.php?rest_route=\/wp\/v2\/pages\/67\/revisions"}],"predecessor-version":[{"id":226,"href":"https:\/\/www.mactoys.cz\/index.php?rest_route=\/wp\/v2\/pages\/67\/revisions\/226"}],"wp:attachment":[{"href":"https:\/\/www.mactoys.cz\/index.php?rest_route=%2Fwp%2Fv2%2Fmedia&parent=67"}],"curies":[{"name":"wp","href":"https:\/\/api.w.org\/{rel}","templated":true}]}}