{"id":47,"date":"2014-10-01T16:24:37","date_gmt":"2014-10-01T14:24:37","guid":{"rendered":"https:\/\/www.mactoys.cz\/?page_id=47"},"modified":"2014-10-31T08:13:53","modified_gmt":"2014-10-31T07:13:53","slug":"logisticky-system","status":"publish","type":"page","link":"https:\/\/www.mactoys.cz\/?page_id=47","title":{"rendered":"Propracovan\u00fd logistick\u00fd syst\u00e9m"},"content":{"rendered":"<p>Ned\u00edlnou sou\u010d\u00e1st\u00ed \u00fasp\u011b\u0161n\u00e9ho fungov\u00e1n\u00ed spole\u010dnosti MAC TOYS s.r.o. a cel\u00e9ho holdingu je propracovan\u00fd logistick\u00fd syst\u00e9m a rozs\u00e1hl\u00e9 vlastn\u00ed sklady p\u0159\u00edmo u s\u00eddla spole\u010dnosti v Unho\u0161ti.<\/p>\n<p>V\u011bt\u0161ina z\u00e1kazn\u00edk\u016f vyu\u017e\u00edv\u00e1 mo\u017enosti nechat si objednan\u00e9 zbo\u017e\u00ed zaslat prost\u0159ednictv\u00edm p\u0159epravn\u00ed spole\u010dnosti, je ale mo\u017en\u00fd i osobn\u00ed odb\u011br p\u0159\u00edmo ve velkoobchodn\u00edm centr\u00e1ln\u00edm skladu.<\/p>\n<p>D\u00edky neust\u00e1le modernizovan\u00e9mu logistick\u00e9mu syst\u00e9mu jsme schopni objednan\u00e9 zbo\u017e\u00ed standardn\u011b expedovat do dvou pracovn\u00edch dn\u016f.<\/p>\n<p><img loading=\"lazy\" decoding=\"async\" class=\"aligncenter wp-image-50 size-full\" src=\"https:\/\/www.mactoys.cz\/wp-content\/uploads\/2014\/10\/logistika.png\" alt=\"logistika\" width=\"520\" height=\"243\" srcset=\"https:\/\/www.mactoys.cz\/wp-content\/uploads\/2014\/10\/logistika.png 520w, https:\/\/www.mactoys.cz\/wp-content\/uploads\/2014\/10\/logistika-300x140.png 300w, https:\/\/www.mactoys.cz\/wp-content\/uploads\/2014\/10\/logistika-192x90.png 192w, https:\/\/www.mactoys.cz\/wp-content\/uploads\/2014\/10\/logistika-288x135.png 288w, https:\/\/www.mactoys.cz\/wp-content\/uploads\/2014\/10\/logistika-410x192.png 410w\" sizes=\"auto, (max-width: 520px) 100vw, 520px\" \/><\/p>\n","protected":false},"excerpt":{"rendered":"<p>Ned\u00edlnou sou\u010d\u00e1st\u00ed \u00fasp\u011b\u0161n\u00e9ho fungov\u00e1n\u00ed spole\u010dnosti MAC TOYS s.r.o. a cel\u00e9ho holdingu je propracovan\u00fd logistick\u00fd syst\u00e9m a rozs\u00e1hl\u00e9 vlastn\u00ed sklady p\u0159\u00edmo u s\u00eddla spole\u010dnosti v Unho\u0161ti. V\u011bt\u0161ina z\u00e1kazn\u00edk\u016f vyu\u017e\u00edv\u00e1 mo\u017enosti nechat si objednan\u00e9 zbo\u017e\u00ed zaslat prost\u0159ednictv\u00edm p\u0159epravn\u00ed spole\u010dnosti, je ale mo\u017en\u00fd i osobn\u00ed odb\u011br p\u0159\u00edmo ve velkoobchodn\u00edm centr\u00e1ln\u00edm skladu. D\u00edky neust\u00e1le modernizovan\u00e9mu logistick\u00e9mu syst\u00e9mu jsme schopni [&hellip;]<\/p>\n","protected":false},"author":2,"featured_media":0,"parent":0,"menu_order":0,"comment_status":"closed","ping_status":"closed","template":"","meta":{"footnotes":""},"class_list":["post-47","page","type-page","status-publish","hentry"],"_links":{"self":[{"href":"https:\/\/www.mactoys.cz\/index.php?rest_route=\/wp\/v2\/pages\/47","targetHints":{"allow":["GET"]}}],"collection":[{"href":"https:\/\/www.mactoys.cz\/index.php?rest_route=\/wp\/v2\/pages"}],"about":[{"href":"https:\/\/www.mactoys.cz\/index.php?rest_route=\/wp\/v2\/types\/page"}],"author":[{"embeddable":true,"href":"https:\/\/www.mactoys.cz\/index.php?rest_route=\/wp\/v2\/users\/2"}],"replies":[{"embeddable":true,"href":"https:\/\/www.mactoys.cz\/index.php?rest_route=%2Fwp%2Fv2%2Fcomments&post=47"}],"version-history":[{"count":7,"href":"https:\/\/www.mactoys.cz\/index.php?rest_route=\/wp\/v2\/pages\/47\/revisions"}],"predecessor-version":[{"id":241,"href":"https:\/\/www.mactoys.cz\/index.php?rest_route=\/wp\/v2\/pages\/47\/revisions\/241"}],"wp:attachment":[{"href":"https:\/\/www.mactoys.cz\/index.php?rest_route=%2Fwp%2Fv2%2Fmedia&parent=47"}],"curies":[{"name":"wp","href":"https:\/\/api.w.org\/{rel}","templated":true}]}}