{"id":34,"date":"2014-10-01T15:47:34","date_gmt":"2014-10-01T13:47:34","guid":{"rendered":"https:\/\/www.mactoys.cz\/?page_id=34"},"modified":"2015-10-06T11:00:34","modified_gmt":"2015-10-06T09:00:34","slug":"certifikace-a-bezpecnost","status":"publish","type":"page","link":"https:\/\/www.mactoys.cz\/?page_id=34","title":{"rendered":"D\u016fraz na certifikaci a bezpe\u010dnost"},"content":{"rendered":"<p><img loading=\"lazy\" decoding=\"async\" class=\"alignright wp-image-39 size-height135\" src=\"https:\/\/www.mactoys.cz\/wp-content\/uploads\/2014\/10\/bezpecnost-487x135.png\" alt=\"bezpecnost\" width=\"487\" height=\"135\" srcset=\"https:\/\/www.mactoys.cz\/wp-content\/uploads\/2014\/10\/bezpecnost-487x135.png 487w, https:\/\/www.mactoys.cz\/wp-content\/uploads\/2014\/10\/bezpecnost-300x83.png 300w, https:\/\/www.mactoys.cz\/wp-content\/uploads\/2014\/10\/bezpecnost-324x90.png 324w, https:\/\/www.mactoys.cz\/wp-content\/uploads\/2014\/10\/bezpecnost.png 603w\" sizes=\"auto, (max-width: 487px) 100vw, 487px\" \/><\/p>\n<p>Celoro\u010dn\u011b aktivn\u011b vyhled\u00e1v\u00e1me produkty i produktov\u00e9 \u0159ady, kter\u00e9 vybo\u010duj\u00ed ze st\u00e1vaj\u00edc\u00edho sortimentu prod\u00e1van\u00e9ho na na\u0161em trhu a roz\u0161i\u0159uj\u00ed nab\u00eddku cel\u00e9ho holdingu. Respektujeme celosv\u011btov\u00e9 trendy a p\u0159in\u00e1\u0161\u00edme je do \u010cesk\u00e9 republiky v tom nejlep\u0161\u00edm mo\u017en\u00e9m proveden\u00ed.<\/p>\n<p>Na\u0161\u00ed prioritou je zejm\u00e9na bezpe\u010dnost v\u00fdrobk\u016f a vysok\u00e1 kvalita. V\u0161echny v\u00fdrobky mus\u00ed spl\u0148ovat nejp\u0159\u00edsn\u011bj\u0161\u00ed standardy \u010desk\u00fdch i evropsk\u00fdch norem. Na\u0161i specialist\u00e9 jsou neust\u00e1le pro\u0161kolov\u00e1ni v aktu\u00e1ln\u00edch n\u00e1roc\u00edch evropsk\u00e9ho trhu.<\/p>\n<p>V\u00fdrobky, kter\u00e9 jsou holdingem distribuov\u00e1ny, jsou tak pro na\u0161e z\u00e1kazn\u00edky jistotou, odpov\u00eddaj\u00edc\u00ed v\u0161em po\u017eadavk\u016fm na kvalitu.<\/p>\n<p>&nbsp;<\/p>\n<h3>Certifik\u00e1ty a prohl\u00e1\u0161en\u00ed o shod\u011b:<\/h3>\n\n<!-- Generated using Document Gallery. Get yours here: http:\/\/wordpress.org\/extend\/plugins\/document-gallery -->\n<div id=\"document-gallery-1\" class=\"document-gallery\" data-shortcode='{\"id\":34,\"include\":\"\",\"exclude\":\"\",\"attachment_pg\":false,\"columns\":4,\"descriptions\":false,\"fancy\":true,\"limit\":-1,\"mime_types\":\"application,video,text,audio,image\",\"new_window\":false,\"order\":\"ASC\",\"orderby\":\"menu_order\",\"paginate\":true,\"post_status\":\"any\",\"post_type\":\"attachment\",\"relation\":\"AND\",\"skip\":0,\"category\":\"certifikaty dokumenty\"}' style='--dg-icon-width: 24%'>\n<div class='document-icon-row'>\n   <div class=\"document-icon\">\n      <a href=\"https:\/\/www.mactoys.cz\/wp-content\/uploads\/2015\/10\/CE-declaration-for-M180005.pdf\" target=\"_self\">\n         <img decoding=\"async\" src=\"https:\/\/www.mactoys.cz\/wp-content\/uploads\/2015\/10\/CE-declaration-for-M180005-thumb-1.jpeg\" title=\"M180005\" alt=\"M180005\" data-ext=\"pdf\"\/>\n         <span class=\"title\">M180005<\/span>\n      <\/a>\n   <\/div>\n   <div class=\"document-icon\">\n      <a href=\"https:\/\/www.mactoys.cz\/wp-content\/uploads\/2023\/09\/CE-declaration-for-M30907.pdf\" target=\"_self\">\n         <img decoding=\"async\" src=\"https:\/\/www.mactoys.cz\/wp-content\/uploads\/2023\/09\/CE-declaration-for-M30907-thumb.jpeg\" title=\"M30907\" alt=\"M30907\" data-ext=\"pdf\"\/>\n         <span class=\"title\">M30907<\/span>\n      <\/a>\n   <\/div>\n   <div class=\"document-icon\">\n      <a href=\"https:\/\/www.mactoys.cz\/wp-content\/uploads\/2023\/09\/CE-declaration-for-M1876654.pdf\" target=\"_self\">\n         <img decoding=\"async\" src=\"https:\/\/www.mactoys.cz\/wp-content\/uploads\/2023\/09\/CE-declaration-for-M1876654-thumb.jpeg\" title=\"M1876654\" alt=\"M1876654\" data-ext=\"pdf\"\/>\n         <span class=\"title\">M1876654<\/span>\n      <\/a>\n   <\/div>\n   <div class=\"document-icon\">\n      <a href=\"https:\/\/www.mactoys.cz\/wp-content\/uploads\/2024\/02\/Prohlaseni-o-shode-zralok.pdf\" target=\"_self\">\n         <img decoding=\"async\" src=\"https:\/\/www.mactoys.cz\/wp-content\/uploads\/2024\/02\/Prohlaseni-o-shode-zralok-thumb.jpeg\" title=\"Prohlaseni-o-shode-zralok\" alt=\"Prohlaseni-o-shode-zralok\" data-ext=\"pdf\"\/>\n         <span class=\"title\">Prohlaseni-o-shode-zralok<\/span>\n      <\/a>\n   <\/div>\n\n<\/div>\n<div class='document-icon-row'>\n   <div class=\"document-icon\">\n      <a href=\"https:\/\/www.mactoys.cz\/wp-content\/uploads\/2025\/04\/EC-prohlaseni-o-shode-M80236.pdf\" target=\"_self\">\n         <img decoding=\"async\" src=\"https:\/\/www.mactoys.cz\/wp-content\/uploads\/2025\/04\/EC-prohlaseni-o-shode-M80236-thumb.jpeg\" title=\"M80236\" alt=\"M80236\" data-ext=\"pdf\"\/>\n         <span class=\"title\">M80236<\/span>\n      <\/a>\n   <\/div>\n\n<\/div>\n<\/div>\n","protected":false},"excerpt":{"rendered":"<p>Celoro\u010dn\u011b aktivn\u011b vyhled\u00e1v\u00e1me produkty i produktov\u00e9 \u0159ady, kter\u00e9 vybo\u010duj\u00ed ze st\u00e1vaj\u00edc\u00edho sortimentu prod\u00e1van\u00e9ho na na\u0161em trhu a roz\u0161i\u0159uj\u00ed nab\u00eddku cel\u00e9ho holdingu. Respektujeme celosv\u011btov\u00e9 trendy a p\u0159in\u00e1\u0161\u00edme je do \u010cesk\u00e9 republiky v tom nejlep\u0161\u00edm mo\u017en\u00e9m proveden\u00ed. Na\u0161\u00ed prioritou je zejm\u00e9na bezpe\u010dnost v\u00fdrobk\u016f a vysok\u00e1 kvalita. V\u0161echny v\u00fdrobky mus\u00ed spl\u0148ovat nejp\u0159\u00edsn\u011bj\u0161\u00ed standardy \u010desk\u00fdch i evropsk\u00fdch norem. Na\u0161i [&hellip;]<\/p>\n","protected":false},"author":2,"featured_media":0,"parent":0,"menu_order":0,"comment_status":"closed","ping_status":"closed","template":"","meta":{"footnotes":""},"class_list":["post-34","page","type-page","status-publish","hentry"],"_links":{"self":[{"href":"https:\/\/www.mactoys.cz\/index.php?rest_route=\/wp\/v2\/pages\/34","targetHints":{"allow":["GET"]}}],"collection":[{"href":"https:\/\/www.mactoys.cz\/index.php?rest_route=\/wp\/v2\/pages"}],"about":[{"href":"https:\/\/www.mactoys.cz\/index.php?rest_route=\/wp\/v2\/types\/page"}],"author":[{"embeddable":true,"href":"https:\/\/www.mactoys.cz\/index.php?rest_route=\/wp\/v2\/users\/2"}],"replies":[{"embeddable":true,"href":"https:\/\/www.mactoys.cz\/index.php?rest_route=%2Fwp%2Fv2%2Fcomments&post=34"}],"version-history":[{"count":12,"href":"https:\/\/www.mactoys.cz\/index.php?rest_route=\/wp\/v2\/pages\/34\/revisions"}],"predecessor-version":[{"id":253,"href":"https:\/\/www.mactoys.cz\/index.php?rest_route=\/wp\/v2\/pages\/34\/revisions\/253"}],"wp:attachment":[{"href":"https:\/\/www.mactoys.cz\/index.php?rest_route=%2Fwp%2Fv2%2Fmedia&parent=34"}],"curies":[{"name":"wp","href":"https:\/\/api.w.org\/{rel}","templated":true}]}}